{"id":4539,"date":"2020-04-28T17:19:42","date_gmt":"2020-04-28T14:19:42","guid":{"rendered":"http:\/\/makinayedek.com\/?page_id=4539"},"modified":"2020-04-28T17:19:42","modified_gmt":"2020-04-28T14:19:42","slug":"hizmetlerimiz","status":"publish","type":"page","link":"https:\/\/makinayedek.com\/en\/hizmetlerimiz\/","title":{"rendered":"(Turkish) H\u0130ZMETLER\u0130M\u0130Z"},"content":{"rendered":"<p class=\"qtranxs-available-languages-message qtranxs-available-languages-message-en\">Sorry, this entry is only available in <a href=\"https:\/\/makinayedek.com\/tr\/wp-json\/wp\/v2\/pages\/4539\" class=\"qtranxs-available-language-link qtranxs-available-language-link-tr\" title=\"Turkish\">Turkish<\/a>.<\/p>","protected":false},"excerpt":{"rendered":"<p>Sorry, this entry is only available in Turkish.<\/p>\n","protected":false},"author":88,"featured_media":0,"parent":0,"menu_order":0,"comment_status":"closed","ping_status":"closed","template":"","meta":{"footnotes":""},"class_list":["post-4539","page","type-page","status-publish","hentry","no-thumb"],"_links":{"self":[{"href":"https:\/\/makinayedek.com\/en\/wp-json\/wp\/v2\/pages\/4539","targetHints":{"allow":["GET"]}}],"collection":[{"href":"https:\/\/makinayedek.com\/en\/wp-json\/wp\/v2\/pages"}],"about":[{"href":"https:\/\/makinayedek.com\/en\/wp-json\/wp\/v2\/types\/page"}],"author":[{"embeddable":true,"href":"https:\/\/makinayedek.com\/en\/wp-json\/wp\/v2\/users\/88"}],"replies":[{"embeddable":true,"href":"https:\/\/makinayedek.com\/en\/wp-json\/wp\/v2\/comments?post=4539"}],"version-history":[{"count":1,"href":"https:\/\/makinayedek.com\/en\/wp-json\/wp\/v2\/pages\/4539\/revisions"}],"predecessor-version":[{"id":4541,"href":"https:\/\/makinayedek.com\/en\/wp-json\/wp\/v2\/pages\/4539\/revisions\/4541"}],"wp:attachment":[{"href":"https:\/\/makinayedek.com\/en\/wp-json\/wp\/v2\/media?parent=4539"}],"curies":[{"name":"wp","href":"https:\/\/api.w.org\/{rel}","templated":true}]}}