{"id":4510,"date":"2020-04-24T21:22:03","date_gmt":"2020-04-24T18:22:03","guid":{"rendered":"http:\/\/makinayedek.com\/?page_id=4510"},"modified":"2020-04-24T21:22:03","modified_gmt":"2020-04-24T18:22:03","slug":"bayiilikler","status":"publish","type":"page","link":"https:\/\/makinayedek.com\/en\/bayiilikler\/","title":{"rendered":"(Turkish) BAY\u0130\u0130L\u0130KLER"},"content":{"rendered":"<p class=\"qtranxs-available-languages-message qtranxs-available-languages-message-en\">Sorry, this entry is only available in <a href=\"https:\/\/makinayedek.com\/tr\/wp-json\/wp\/v2\/pages\/4510\" class=\"qtranxs-available-language-link qtranxs-available-language-link-tr\" title=\"Turkish\">Turkish<\/a>.<\/p>","protected":false},"excerpt":{"rendered":"<p>Sorry, this entry is only available in Turkish.<\/p>\n","protected":false},"author":88,"featured_media":0,"parent":0,"menu_order":0,"comment_status":"closed","ping_status":"closed","template":"","meta":{"footnotes":""},"class_list":["post-4510","page","type-page","status-publish","hentry","no-thumb"],"_links":{"self":[{"href":"https:\/\/makinayedek.com\/en\/wp-json\/wp\/v2\/pages\/4510","targetHints":{"allow":["GET"]}}],"collection":[{"href":"https:\/\/makinayedek.com\/en\/wp-json\/wp\/v2\/pages"}],"about":[{"href":"https:\/\/makinayedek.com\/en\/wp-json\/wp\/v2\/types\/page"}],"author":[{"embeddable":true,"href":"https:\/\/makinayedek.com\/en\/wp-json\/wp\/v2\/users\/88"}],"replies":[{"embeddable":true,"href":"https:\/\/makinayedek.com\/en\/wp-json\/wp\/v2\/comments?post=4510"}],"version-history":[{"count":1,"href":"https:\/\/makinayedek.com\/en\/wp-json\/wp\/v2\/pages\/4510\/revisions"}],"predecessor-version":[{"id":4513,"href":"https:\/\/makinayedek.com\/en\/wp-json\/wp\/v2\/pages\/4510\/revisions\/4513"}],"wp:attachment":[{"href":"https:\/\/makinayedek.com\/en\/wp-json\/wp\/v2\/media?parent=4510"}],"curies":[{"name":"wp","href":"https:\/\/api.w.org\/{rel}","templated":true}]}}