{"id":31,"date":"2017-10-31T07:44:20","date_gmt":"2017-10-31T07:44:20","guid":{"rendered":"http:\/\/demo2.drfuri.com\/manufactory\/?page_id=31"},"modified":"2020-04-22T22:28:57","modified_gmt":"2020-04-22T19:28:57","slug":"home-4","status":"publish","type":"page","link":"https:\/\/makinayedek.com\/en\/","title":{"rendered":"Ev 4"},"content":{"rendered":"<p>[vc_row full_width=&#8221;stretch_row_content_no_spaces&#8221;][vc_column][rev_slider_vc alias=&#8221;slider-1&#8243;][\/vc_column][\/vc_row][vc_row][vc_column]<div class=\"mf-empty-space \" style=\"\"><div class=\"mf_empty_space_lg\"  style=\"height: 80px\"><\/div><div class=\"mf_empty_space_md\"  style=\"height: 50px\"><\/div><div class=\"mf_empty_space_xs\"  style=\"height: 50px\"><\/div><\/div><div class=\"mf-section-title text-center dark large-size \"><h2 >Hizmet Alanlar\u0131m\u0131z<\/h2><\/div><div class=\"mf-empty-space \" style=\"\"><div class=\"mf_empty_space_lg\"  style=\"height: 50px\"><\/div><div class=\"mf_empty_space_md\"  style=\"height: 30px\"><\/div><div class=\"mf_empty_space_xs\"  style=\"height: 30px\"><\/div><\/div>[vc_row_inner][vc_column_inner width=&#8221;1\/3&#8243; offset=&#8221;vc_col-lg-4 vc_col-md-4 vc_col-xs-12&#8243;]<div class=\"mf-services-2 icon_type-fontawesome style-4 \"><div class=\"service-thumbnail\"><a href=\"http:\/\/www.kurtbay.com.tr\/service\/7-24-servis\/\"><span class=\"service-icon\"><i class=\"fa fa-link\"><\/i><\/span><span class=\"mf-icon\"><i class=\"fa fa-adjust\"><\/i><\/span><\/a><\/div><div class=\"service-summary\"><h4><a href=\"http:\/\/www.kurtbay.com.tr\/service\/7-24-servis\/\" title=\"7\/24 Servis\" target=\" _blank\">7\/24 Servis Hizmetleri<\/a><\/h4><div class=\"service-desc\">Merkezimizin \u0130stanbul\u2019da olmas\u0131na ra\u011fmen mobil ara\u00e7lar\u0131m\u0131z ve \u00e7\u00f6z\u00fcm ortaklar\u0131m\u0131z ile T\u00fcrkiye Geneli hizmet vermekteyiz.<\/div><\/div><\/div><div class=\"mf-empty-space \" style=\"\"><div class=\"mf_empty_space_lg\"  style=\"height: 35px\"><\/div><div class=\"mf_empty_space_md\"  style=\"height: 35px\"><\/div><div class=\"mf_empty_space_xs\"  style=\"height: 35px\"><\/div><\/div><div class=\"mf-services-2 icon_type-fontawesome style-4 \"><div class=\"service-thumbnail\"><a href=\"http:\/\/www.kurtbay.com.tr\/service\/genel-bakim\/\"><span class=\"service-icon\"><i class=\"fa fa-link\"><\/i><\/span><img loading=\"lazy\" decoding=\"async\" class=\"\" src=\"https:\/\/makinayedek.com\/wp-content\/uploads\/2018\/05\/genel-bakim.jpg\" width=\"370\" height=\"200\" alt=\"Jenerat\u00f6r Genel Bak\u0131m\" title=\"genel-bakim\" \/><span class=\"mf-icon\"><i class=\"fa fa-adjust\"><\/i><\/span><\/a><\/div><div class=\"service-summary\"><h4><a href=\"http:\/\/www.kurtbay.com.tr\/service\/genel-bakim\/\" title=\"Genel Bak\u0131m\" target=\" _blank\">Genel Bak\u0131m<\/a><\/h4><div class=\"service-desc\">Yerli ve yabanc\u0131 \u00fcretici firmalar\u0131n\u0131n \u00f6n g\u00f6rd\u00fc\u011f\u00fc gibi her alt\u0131 ay da bir yada jenerat\u00f6r \u00e7al\u0131\u015fma saati dikkate al\u0131narak y\u0131lda bir kez mutlaka ya\u011f ve filtre de\u011fi\u015fimleri yap\u0131lmaktad\u0131r.<\/div><\/div><\/div><div class=\"mf-empty-space \" style=\"\"><div class=\"mf_empty_space_lg\"  style=\"height: 80px\"><\/div><div class=\"mf_empty_space_md\"  style=\"height: 50px\"><\/div><div class=\"mf_empty_space_xs\"  style=\"height: 50px\"><\/div><\/div>[\/vc_column_inner][vc_column_inner width=&#8221;1\/3&#8243; offset=&#8221;vc_col-lg-4 vc_col-md-4 vc_col-xs-12&#8243;]<div class=\"mf-services-2 icon_type-fontawesome style-4 \"><div class=\"service-thumbnail\"><a href=\"http:\/\/www.kurtbay.com.tr\/service\/periodik-bakim\/\"><span class=\"service-icon\"><i class=\"fa fa-link\"><\/i><\/span><img loading=\"lazy\" decoding=\"async\" class=\"\" src=\"https:\/\/makinayedek.com\/wp-content\/uploads\/2018\/05\/periyodik-bakim-370x200.jpg\" width=\"370\" height=\"200\" alt=\"periyodik-bakim-370x200\" title=\"periyodik-bakim-370x200\" \/><span class=\"mf-icon\"><i class=\"fa fa-adjust\"><\/i><\/span><\/a><\/div><div class=\"service-summary\"><h4><a href=\"http:\/\/www.kurtbay.com.tr\/service\/periodik-bakim\/\" title=\"Periyodik Bak\u0131m\" target=\" _blank\">Periyodik Bak\u0131m<\/a><\/h4><div class=\"service-desc\">Jenerat\u00f6rlerinizin her daim sorunsuz devreye girmesi i\u00e7in se\u00e7enekleri olan\u00a0<strong>PER\u0130YOD\u0130K BAKIM S\u00d6ZLE\u015eMES\u0130\u00a0<\/strong>hizmeti sunmaktay\u0131z.<\/div><\/div><\/div><div class=\"mf-empty-space \" style=\"\"><div class=\"mf_empty_space_lg\"  style=\"height: 35px\"><\/div><div class=\"mf_empty_space_md\"  style=\"height: 35px\"><\/div><div class=\"mf_empty_space_xs\"  style=\"height: 35px\"><\/div><\/div><div class=\"mf-services-2 icon_type-fontawesome style-4 \"><div class=\"service-thumbnail\"><a href=\"http:\/\/www.kurtbay.com.tr\/service\/yer-ve-guc-tespiti\/\"><span class=\"service-icon\"><i class=\"fa fa-link\"><\/i><\/span><img loading=\"lazy\" decoding=\"async\" class=\"\" src=\"https:\/\/makinayedek.com\/wp-content\/uploads\/2018\/03\/depo-antrepo.jpg\" width=\"370\" height=\"200\" alt=\"depo-antrepo\" title=\"depo-antrepo\" \/><span class=\"mf-icon\"><i class=\"fa fa-adjust\"><\/i><\/span><\/a><\/div><div class=\"service-summary\"><h4><a href=\"http:\/\/www.kurtbay.com.tr\/service\/yer-ve-guc-tespiti\/\" title=\"Yer ve G\u00fc\u00e7 Tespiti\" target=\" _blank\">Yer ve G\u00fc\u00e7 Tespiti<\/a><\/h4><div class=\"service-desc\">Deponuzun ihtiyac\u0131 olan t\u00fcm ekipman ve yan \u00fcr\u00fcnlerin tedari\u011fi h\u0131zl\u0131 ve kaliteli hizmet anlay\u0131\u015f\u0131yla birle\u015fti.<\/div><\/div><\/div><div class=\"mf-empty-space \" style=\"\"><div class=\"mf_empty_space_lg\"  style=\"height: 80px\"><\/div><div class=\"mf_empty_space_md\"  style=\"height: 50px\"><\/div><div class=\"mf_empty_space_xs\"  style=\"height: 50px\"><\/div><\/div>[\/vc_column_inner][vc_column_inner width=&#8221;1\/3&#8243;]<div class=\"mf-services-2 icon_type-fontawesome style-4 \"><div class=\"service-thumbnail\"><a href=\"http:\/\/www.kurtbay.com.tr\/service\/montaj-demontaj\/\"><span class=\"service-icon\"><i class=\"fa fa-link\"><\/i><\/span><img loading=\"lazy\" decoding=\"async\" class=\"\" src=\"https:\/\/makinayedek.com\/wp-content\/uploads\/2018\/05\/montaj-370x200.jpg\" width=\"370\" height=\"200\" alt=\"montaj-370x200\" title=\"montaj-370x200\" \/><span class=\"mf-icon\"><i class=\"fa fa-adjust\"><\/i><\/span><\/a><\/div><div class=\"service-summary\"><h4><a href=\"http:\/\/www.kurtbay.com.tr\/service\/montaj-demontaj\/\" title=\"\">Montaj &amp; Demontaj<\/a><\/h4><div class=\"service-desc\">Sat\u0131n al\u0131nan veya lokasyonu de\u011fi\u015ftirilen jenerat\u00f6r\u00fcn Nakliyesi, yerine konulmas\u0131, Alt yap\u0131 i\u015flemleri yap\u0131larak kusursuz bir \u015fekilde start vermektir.<\/div><\/div><\/div><div class=\"mf-empty-space \" style=\"\"><div class=\"mf_empty_space_lg\"  style=\"height: 35px\"><\/div><div class=\"mf_empty_space_md\"  style=\"height: 35px\"><\/div><div class=\"mf_empty_space_xs\"  style=\"height: 35px\"><\/div><\/div><div class=\"mf-services-2 icon_type-fontawesome style-4 \"><div class=\"service-thumbnail\"><a href=\"http:\/\/www.kurtbay.com.tr\/service\/cihaz-revizyon\/\"><span class=\"service-icon\"><i class=\"fa fa-link\"><\/i><\/span><img loading=\"lazy\" decoding=\"async\" class=\"\" src=\"https:\/\/makinayedek.com\/wp-content\/uploads\/2018\/05\/cihaz-revizyon.jpg\" width=\"370\" height=\"200\" alt=\"Jenerat\u00f6r Cihaz Revizyon\" title=\"cihaz-revizyon\" \/><span class=\"mf-icon\"><i class=\"fa fa-adjust\"><\/i><\/span><\/a><\/div><div class=\"service-summary\"><h4><a href=\"http:\/\/www.kurtbay.com.tr\/service\/cihaz-revizyon\/\" title=\"\">Cihaz Revizyon<\/a><\/h4><div class=\"service-desc\">\u0130\u015flevini kaybetmi\u015f olan dizel ve benzinli grubu at\u00f6lye ortam\u0131na al\u0131narak faal duruma getirmek.<\/div><\/div><\/div><div class=\"mf-empty-space \" style=\"\"><div class=\"mf_empty_space_lg\"  style=\"height: 35px\"><\/div><div class=\"mf_empty_space_md\"  style=\"height: 35px\"><\/div><div class=\"mf_empty_space_xs\"  style=\"height: 35px\"><\/div><\/div>[\/vc_column_inner][\/vc_row_inner][\/vc_column][\/vc_row][vc_row css=&#8221;.vc_custom_1509005705985{background-color: #f2f2f2 !important;}&#8221;][vc_column]<div class=\"mf-empty-space \" style=\"\"><div class=\"mf_empty_space_lg\"  style=\"height: 80px\"><\/div><div class=\"mf_empty_space_md\"  style=\"height: 50px\"><\/div><div class=\"mf_empty_space_xs\"  style=\"height: 50px\"><\/div><\/div><div class=\"mf-section-title text-center dark large-size \"><h2 >Firmam\u0131z Hakk\u0131nda<\/h2><\/div><div class=\"mf-empty-space \" style=\"\"><div class=\"mf_empty_space_lg\"  style=\"height: 50px\"><\/div><div class=\"mf_empty_space_md\"  style=\"height: 30px\"><\/div><div class=\"mf_empty_space_xs\"  style=\"height: 30px\"><\/div><\/div>[vc_row_inner][vc_column_inner offset=&#8221;vc_col-lg-12 vc_col-md-12&#8243;]<div class=\"mf-empty-space \" style=\"\"><div class=\"mf_empty_space_lg\"  style=\"height: 20px\"><\/div><div class=\"mf_empty_space_md\"  style=\"height: 20px\"><\/div><div class=\"mf_empty_space_xs\"  style=\"height: 20px\"><\/div><\/div>[vc_custom_heading text=&#8221;De\u011ferlerimiz daima kazan\u00e7tan \u00f6nce gelir.&#8221; font_container=&#8221;tag:h3|text_align:left&#8221; use_theme_fonts=&#8221;yes&#8221; el_class=&#8221;fw-medium&#8221; css=&#8221;.vc_custom_1525210907532{margin-top: 0px !important;margin-bottom: 0px !important;}&#8221;]<div class=\"mf-empty-space \" style=\"\"><div class=\"mf_empty_space_lg\"  style=\"height: 30px\"><\/div><div class=\"mf_empty_space_md\"  style=\"height: 30px\"><\/div><div class=\"mf_empty_space_xs\"  style=\"height: 30px\"><\/div><\/div>[vc_column_text]Uzun y\u0131llar jenerat\u00f6r sekt\u00f6r\u00fcnde sat\u0131\u015f ve sat\u0131\u015f sonras\u0131 hizmetlerde edindi\u011fimiz tecr\u00fcbeler do\u011frultusunda \u00f6\u00fc\u015fteri memnuniyeti ilkesi ile 2012 y\u0131l\u0131nda SATI\u015e, SERV\u0130S H\u0130ZMETLER\u0130, YEDEK PAR\u00c7A, REV\u0130ZYON VE K\u0130RALAMA hizmetleri vermeye ba\u015flayan KURTBAY G\u00dc\u00c7 S\u0130STEMLER\u0130 kuruldu\u011fu g\u00fcnden bug\u00fcne kadar d\u00fcr\u00fcstl\u00fc\u011f\u00fcn yan\u0131 s\u0131ra h\u0131zl\u0131 ve \u00e7\u00f6z\u00fcm odakl\u0131 hizmet anlay\u0131\u015f\u0131ndan taviz vermeden \u00a0ekip \u00e7al\u0131\u015fmas\u0131 ruhu ile faaliyetlerine devam etmektedir.[\/vc_column_text][vc_column_text]Yedek par\u00e7alar\u0131n rekabet\u00e7i fiyatlarla zaman\u0131nda teslim edilmesi ve en y\u00fcksek kalite, ba\u015far\u0131m\u0131z\u0131n ana tarifidir![\/vc_column_text]<div class=\"mf-empty-space \" style=\"\"><div class=\"mf_empty_space_lg\"  style=\"height: 30px\"><\/div><div class=\"mf_empty_space_md\"  style=\"height: 30px\"><\/div><div class=\"mf_empty_space_xs\"  style=\"height: 30px\"><\/div><\/div><div class=\"mf-button align-left style-1 \"><a class=\"button mf-btn\" href=\"http:\/\/www.kurtbay.com.tr\/about-us\/\" target=\" _blank\">Hakk\u0131m\u0131zda<\/a><\/div><div class=\"mf-empty-space \" style=\"\"><div class=\"mf_empty_space_lg\"  style=\"height: 80px\"><\/div><div class=\"mf_empty_space_md\"  style=\"height: 50px\"><\/div><div class=\"mf_empty_space_xs\"  style=\"height: 50px\"><\/div><\/div>[\/vc_column_inner][\/vc_row_inner][\/vc_column][\/vc_row][vc_row][vc_column]<div class=\"mf-empty-space \" style=\"\"><div class=\"mf_empty_space_lg\"  style=\"height: 80px\"><\/div><div class=\"mf_empty_space_md\"  style=\"height: 50px\"><\/div><div class=\"mf_empty_space_xs\"  style=\"height: 50px\"><\/div><\/div>[vc_column_text]<\/p>\n<div class=\"text-center\" style=\"font-size: 26px; font-weight: 500; color: #393939;\">Proje m\u00fckemmelli\u011fi sa\u011flamak i\u00e7in ortaklar\u0131m\u0131zla birlikte \u00e7al\u0131\u015f\u0131yoruz, ortakl\u0131\u011f\u0131m\u0131zla birle\u015fiyoruz.<\/div>\n<p>[\/vc_column_text]<div class=\"mf-empty-space \" style=\"\"><div class=\"mf_empty_space_lg\"  style=\"height: 45px\"><\/div><div class=\"mf_empty_space_md\"  style=\"height: 45px\"><\/div><div class=\"mf_empty_space_xs\"  style=\"height: 45px\"><\/div><\/div><div class=\"mf-partner clearfix carousel-type \" data-columns=\"5\">\n\t\t\t\t<div class=\"list-item owl-carousel\"><div class=\"partner-item \">\n\t\t\t\t\t\t\t<a href=\"#\" target=\"_blank\" ><img loading=\"lazy\" decoding=\"async\" width=\"218\" height=\"110\" src=\"https:\/\/makinayedek.com\/wp-content\/uploads\/2018\/04\/doosan-logo.jpg\" class=\"attachment-full size-full\" alt=\"\" \/><\/a>\n\t\t\t\t\t\t<\/div><div class=\"partner-item \">\n\t\t\t\t\t\t\t<a href=\"#\" target=\"_blank\" ><img loading=\"lazy\" decoding=\"async\" width=\"180\" height=\"97\" src=\"https:\/\/makinayedek.com\/wp-content\/uploads\/2018\/05\/palmera-logo.jpg\" class=\"attachment-full size-full\" alt=\"\" \/><\/a>\n\t\t\t\t\t\t<\/div><div class=\"partner-item \">\n\t\t\t\t\t\t\t<a href=\"#\" target=\"_blank\" ><img loading=\"lazy\" decoding=\"async\" width=\"180\" height=\"97\" src=\"https:\/\/makinayedek.com\/wp-content\/uploads\/2018\/05\/Perkins-Logo.jpg\" class=\"attachment-full size-full\" alt=\"\" \/><\/a>\n\t\t\t\t\t\t<\/div><div class=\"partner-item \">\n\t\t\t\t\t\t\t<a href=\"#\" target=\"_blank\" ><img loading=\"lazy\" decoding=\"async\" width=\"180\" height=\"97\" src=\"https:\/\/makinayedek.com\/wp-content\/uploads\/2018\/05\/volvo-logo.jpg\" class=\"attachment-full size-full\" alt=\"\" \/><\/a>\n\t\t\t\t\t\t<\/div><div class=\"partner-item \">\n\t\t\t\t\t\t\t<a href=\"#\" target=\"_blank\" ><img loading=\"lazy\" decoding=\"async\" width=\"180\" height=\"97\" src=\"https:\/\/makinayedek.com\/wp-content\/uploads\/2018\/05\/kubota-logo.jpg\" class=\"attachment-full size-full\" alt=\"\" \/><\/a>\n\t\t\t\t\t\t<\/div><\/div>\n\t\t\t<\/div><div class=\"mf-empty-space \" style=\"\"><div class=\"mf_empty_space_lg\"  style=\"height: 80px\"><\/div><div class=\"mf_empty_space_md\"  style=\"height: 50px\"><\/div><div class=\"mf_empty_space_xs\"  style=\"height: 50px\"><\/div><\/div>[\/vc_column][\/vc_row]<\/p>","protected":false},"excerpt":{"rendered":"<p>[vc_row full_width=&#8221;stretch_row_content_no_spaces&#8221;][vc_column][rev_slider_vc alias=&#8221;slider-1&#8243;][\/vc_column][\/vc_row][vc_row][vc_column][vc_row_inner][vc_column_inner width=&#8221;1\/3&#8243; offset=&#8221;vc_col-lg-4 vc_col-md-4 vc_col-xs-12&#8243;][\/vc_column_inner][vc_column_inner width=&#8221;1\/3&#8243; offset=&#8221;vc_col-lg-4 vc_col-md-4 vc_col-xs-12&#8243;][\/vc_column_inner][vc_column_inner width=&#8221;1\/3&#8243;][\/vc_column_inner][\/vc_row_inner][\/vc_column][\/vc_row][vc_row css=&#8221;.vc_custom_1509005705985{background-color: #f2f2f2 !important;}&#8221;][vc_column][vc_row_inner][vc_column_inner offset=&#8221;vc_col-lg-12 vc_col-md-12&#8243;][vc_custom_heading text=&#8221;De\u011ferlerimiz daima kazan\u00e7tan \u00f6nce gelir.&#8221; font_container=&#8221;tag:h3|text_align:left&#8221; use_theme_fonts=&#8221;yes&#8221; el_class=&#8221;fw-medium&#8221; css=&#8221;.vc_custom_1525210907532{margin-top: 0px !important;margin-bottom: 0px !important;}&#8221;][vc_column_text]Uzun y\u0131llar jenerat\u00f6r sekt\u00f6r\u00fcnde sat\u0131\u015f ve sat\u0131\u015f sonras\u0131 hizmetlerde edindi\u011fimiz tecr\u00fcbeler do\u011frultusunda \u00f6\u00fc\u015fteri memnuniyeti ilkesi ile 2012 y\u0131l\u0131nda SATI\u015e, SERV\u0130S H\u0130ZMETLER\u0130, YEDEK PAR\u00c7A, REV\u0130ZYON VE K\u0130RALAMA [&hellip;]<\/p>\n","protected":false},"author":1,"featured_media":3912,"parent":0,"menu_order":0,"comment_status":"closed","ping_status":"closed","template":"template-homepage.php","meta":{"footnotes":""},"class_list":["post-31","page","type-page","status-publish","has-post-thumbnail","hentry",""],"_links":{"self":[{"href":"https:\/\/makinayedek.com\/en\/wp-json\/wp\/v2\/pages\/31","targetHints":{"allow":["GET"]}}],"collection":[{"href":"https:\/\/makinayedek.com\/en\/wp-json\/wp\/v2\/pages"}],"about":[{"href":"https:\/\/makinayedek.com\/en\/wp-json\/wp\/v2\/types\/page"}],"author":[{"embeddable":true,"href":"https:\/\/makinayedek.com\/en\/wp-json\/wp\/v2\/users\/1"}],"replies":[{"embeddable":true,"href":"https:\/\/makinayedek.com\/en\/wp-json\/wp\/v2\/comments?post=31"}],"version-history":[{"count":137,"href":"https:\/\/makinayedek.com\/en\/wp-json\/wp\/v2\/pages\/31\/revisions"}],"predecessor-version":[{"id":4498,"href":"https:\/\/makinayedek.com\/en\/wp-json\/wp\/v2\/pages\/31\/revisions\/4498"}],"wp:featuredmedia":[{"embeddable":true,"href":"https:\/\/makinayedek.com\/en\/wp-json\/wp\/v2\/media\/3912"}],"wp:attachment":[{"href":"https:\/\/makinayedek.com\/en\/wp-json\/wp\/v2\/media?parent=31"}],"curies":[{"name":"wp","href":"https:\/\/api.w.org\/{rel}","templated":true}]}}